{"id":59,"date":"2021-05-07T00:09:19","date_gmt":"2021-05-06T22:09:19","guid":{"rendered":"http:\/\/batifemina.fr\/?page_id=59"},"modified":"2022-04-21T14:51:34","modified_gmt":"2022-04-21T12:51:34","slug":"a-propos","status":"publish","type":"page","link":"https:\/\/batifemina.fr\/index.php\/a-propos\/","title":{"rendered":"A propos"},"content":{"rendered":"[vc_row full_width=&#8221;stretch_row&#8221; css=&#8221;.vc_custom_1624484075938{background-color: #323232 !important;}&#8221;][vc_column][vc_column_text]\n<h4 style=\"text-align: right;\"><a href=\"http:\/\/batifemina.fr\/\">Accueil<\/a>\u00a0 \u00a0 <a href=\"http:\/\/batifemina.fr\/index.php\/a-propos\/\">A propos<\/a><\/h4>\n[\/vc_column_text][\/vc_column][\/vc_row][vc_row full_width=&#8221;stretch_row&#8221; css=&#8221;.vc_custom_1621514661385{background-color: #222222 !important;background-position: center !important;background-repeat: no-repeat !important;background-size: cover !important;}&#8221;][vc_column][vc_column_text color=&#8221;#ffffff&#8221; css=&#8221;.vc_custom_1624527760184{margin-top: 100px !important;margin-bottom: 100px !important;}&#8221; font_family=&#8221;Arial, Helvetica, sans-serif&#8221;]\n<h1 style=\"text-align: center;\"><strong>UNE FEMINISATION DES METIERS ENGAG<b>\u00c9<\/b>E<\/strong><\/h1>\n[\/vc_column_text][\/vc_column][\/vc_row][vc_row full_width=&#8221;stretch_row&#8221; css=&#8221;.vc_custom_1621514745150{margin-bottom: -30px !important;background-color: #222222 !important;}&#8221;][vc_column][vc_column_text font_size=&#8221;d:18|tl:18|tp:14|pl:14|pp:14&#8243; css=&#8221;.vc_custom_1624485143512{margin-bottom: -60px !important;}&#8221; color=&#8221;#ffffff&#8221;]\n<h2 style=\"text-align: center;\"><strong>BATI FEMINA est le 1<sup>er<\/sup> espace en France d\u00e9di\u00e9 \u00e0 ces femmes qui construisent l\u2019avenir.<\/strong><\/h2>\n<p>&nbsp;[\/vc_column_text][\/vc_column][\/vc_row][vc_row full_width=&#8221;stretch_row&#8221; css=&#8221;.vc_custom_1621514798571{background-color: #222222 !important;}&#8221;][vc_column width=&#8221;1\/2&#8243;][vc_column_text color=&#8221;#ffffff&#8221;]\n<p style=\"text-align: justify;\">Lanc\u00e9 le 20 mai 2021, \u00e0 l\u2019origine par les Groupes Femmes de la FFB Nouvelle-Aquitaine, cet outil est \u00e0 la disposition de son r\u00e9seau et, plus largement, destin\u00e9 aux acteurs de l\u2019orientation professionnelle, les institutions, les m\u00e9dias, les parents, les femmes en recherche d\u2019orientation ou en reconversion professionnelle\u2026 pour pr\u00e9senter la f\u00e9minisation engag\u00e9e de la profession.<\/p>\n[\/vc_column_text][vc_column_text css=&#8221;.vc_custom_1621514772014{margin-bottom: 40px !important;}&#8221; color=&#8221;#ffffff&#8221;]\n<h4 style=\"text-align: center;\"><strong>Les enjeux<\/strong><\/h4>\n[\/vc_column_text][vc_column_text color=&#8221;#ffffff&#8221;]\n<ul>\n<li style=\"text-align: justify;\">Promouvoir et attirer des femmes dans les m\u00e9tiers du b\u00e2timent, mais pas que\u2026<\/li>\n<li style=\"text-align: justify;\">Faire ressortir la fiert\u00e9 d\u2019appartenance au b\u00e2timent<br \/>\n(hommes et femmes, tout le monde s\u2019y retrouve)<\/li>\n<li style=\"text-align: justify;\">Donner du sens\u00a0: on apprend un m\u00e9tier qui sert \u00e0 tout le monde, \u00e0 tous moments (qui prot\u00e8ge et am\u00e9liore la vie de chacun)<\/li>\n<li style=\"text-align: justify;\">Pr\u00e9senter tous les niveaux de formation par les m\u00e9tiers et profils (production, suivi de chantier, bureau d\u2019\u00e9tude, ing\u00e9nierie, dirigeant d\u2019entreprise, administratif\u2026 )<\/li>\n<li style=\"text-align: justify;\">Valoriser la FFB, et sa place dans l\u2019\u00e9conomie<\/li>\n<\/ul>\n[\/vc_column_text][\/vc_column][vc_column width=&#8221;1\/2&#8243;][vc_single_image image=&#8221;348&#8243; alignment=&#8221;right&#8221;][\/vc_column][\/vc_row][vc_row full_width=&#8221;stretch_row&#8221; css=&#8221;.vc_custom_1621514871327{background-color: #222222 !important;}&#8221;][vc_column][vc_column_text color=&#8221;#ffffff&#8221;]\n<h3 style=\"text-align: center;\"><strong>LE B\u00c2TIMENT, ACTEUR MAJEUR D\u2019UNE NOUVELLE \u00c8RE \u00c0 VIVRE<\/strong><\/h3>\n[\/vc_column_text][vc_column_text color=&#8221;#ffffff&#8221;]\n<h4 style=\"text-align: center;\"><strong>Un avenir \u00e0 (re)construire<\/strong><\/h4>\n[\/vc_column_text][\/vc_column][\/vc_row][vc_row full_width=&#8221;stretch_row&#8221; css=&#8221;.vc_custom_1650545473625{background-color: #222222 !important;}&#8221;][vc_column width=&#8221;1\/2&#8243;][vc_column_text color=&#8221;#ffffff&#8221;]\n<p style=\"text-align: justify;\">Nous sommes plong\u00e9s, pour la plupart de force, dans un nouvel univers\u00a0:<\/p>\n<ul style=\"text-align: justify;\">\n<li>Technologique,<\/li>\n<li>Num\u00e9rique<\/li>\n<li>Connect\u00e9.<\/li>\n<\/ul>\n<p style=\"text-align: justify;\">De plus, nous devons trouver un \u00e9quilibre dans une \u00e9conomie instable oscillant entre\u00a0:<\/p>\n<ul>\n<li style=\"text-align: justify;\">Industrialisation \u00e0 outrance r\u00e9duisant toujours plus les co\u00fbts.<\/li>\n<li style=\"text-align: justify;\">Le besoin toujours de produire des r\u00e9alisations sur-mesure que la machine ne sait pas (encore) faire.<\/li>\n<li style=\"text-align: justify;\">Le besoin de consommer plus propre et vivre sainement pour un avenir durable.<\/li>\n<\/ul>\n[\/vc_column_text][\/vc_column][vc_column width=&#8221;1\/2&#8243;][vc_single_image image=&#8221;220&#8243;][\/vc_column][\/vc_row][vc_row full_width=&#8221;stretch_row&#8221; css=&#8221;.vc_custom_1621514940071{background-color: #222222 !important;}&#8221;][vc_column width=&#8221;1\/2&#8243;][vc_single_image image=&#8221;219&#8243; visibility=&#8221;hidden-phone&#8221;][\/vc_column][vc_column width=&#8221;1\/2&#8243;][vc_column_text color=&#8221;#ffffff&#8221;]\n<p style=\"text-align: justify;\">Pour finir, le tout doit viser l\u2019h\u00e9donisme (recherche du plaisir et l\u2019\u00e9vitement des difficult\u00e9s de chacun) des consommateurs dans son sens large (clients comme acteurs de la construction) afin de leur <strong>assurer une pleine satisfaction<\/strong>, et ainsi donner \u00e0 chacun l\u2019envie de <strong>recommander l\u2019exp\u00e9rience<\/strong>, certains de leur investissement.<\/p>\n<p style=\"text-align: justify;\">Cette nouvelle soci\u00e9t\u00e9 de consommation, dans laquelle <strong>on entend bien plus vivre des exp\u00e9riences agr\u00e9ables que d\u00e9penser ou avoir un m\u00e9tier, est en qu\u00eate de valeurs \u00e0 partager<\/strong> (en mode \u00ab tribu 2.0 \u00bb) pour un nouveau monde \u00e0 (re)construire.<\/p>\n<p style=\"text-align: justify;\">La revalorisation du \u00ab fait main \u00bb en est le meilleur exemple, et <strong>le b\u00e2timent en est la voie\/voix<\/strong>, hommes comme femmes<\/p>\n[\/vc_column_text][vc_empty_space][vc_single_image image=&#8221;219&#8243; visibility=&#8221;visible-phone&#8221;][\/vc_column][\/vc_row][vc_row full_width=&#8221;stretch_row&#8221; css=&#8221;.vc_custom_1621514966789{background-color: #222222 !important;}&#8221;][vc_column][vc_column_text color=&#8221;#ffffff&#8221;]\n<h3 style=\"text-align: center;\"><strong>Des m\u00e9tiers permettant de (se) faire plaisir<\/strong><\/h3>\n<ul>\n<li>Chacun son parcours : formation en alternance, formation en continue, apprentissage, compagnonnage, tout au long de la vie<\/li>\n<li>Chacun sa destin\u00e9e : g\u00e9n\u00e9raliste ou expert de son m\u00e9tier<\/li>\n<li>Chacun sa mati\u00e8re : air, terre, pierre, eau, feu, bois, pierre, m\u00e9tal\u2026<\/li>\n<li>Chacun son environnement : neuf ou r\u00e9novation, seul ou \u00e0 plusieurs, \u00e0 l\u2019abri ou au grand air, localement ou au bout du monde<\/li>\n<\/ul>\n<p>Chacun sa personnalit\u00e9 : dessiner, imaginer, innover, rendre possible, construire, reproduire, r\u00e9nover, cr\u00e9er de ses main&#8230;[\/vc_column_text][\/vc_column][\/vc_row]\n","protected":false},"excerpt":{"rendered":"<p>[vc_row full_width=&#8221;stretch_row&#8221; css=&#8221;.vc_custom_1624484075938{background-color: #323232 !important;}&#8221;][vc_column][vc_column_text] Accueil\u00a0 \u00a0 A propos [\/vc_column_text][\/vc_column][\/vc_row][vc_row full_width=&#8221;stretch_row&#8221; css=&#8221;.vc_custom_1621514661385{background-color: #222222 !important;background-position: center !important;background-repeat: no-repeat !important;background-size: cover !important;}&#8221;][vc_column][vc_column_text color=&#8221;#ffffff&#8221; css=&#8221;.vc_custom_1624527760184{margin-top: 100px !important;margin-bottom: 100px !important;}&#8221; font_family=&#8221;Arial, Helvetica, sans-serif&#8221;] UNE FEMINISATION DES METIERS ENGAG\u00c9E [\/vc_column_text][\/vc_column][\/vc_row][vc_row full_width=&#8221;stretch_row&#8221; css=&#8221;.vc_custom_1621514745150{margin-bottom: -30px !important;background-color: #222222&hellip;<\/p>\n","protected":false},"author":1,"featured_media":0,"parent":0,"menu_order":0,"comment_status":"closed","ping_status":"closed","template":"templates\/no-sidebar.php","meta":[],"_links":{"self":[{"href":"https:\/\/batifemina.fr\/index.php\/wp-json\/wp\/v2\/pages\/59"}],"collection":[{"href":"https:\/\/batifemina.fr\/index.php\/wp-json\/wp\/v2\/pages"}],"about":[{"href":"https:\/\/batifemina.fr\/index.php\/wp-json\/wp\/v2\/types\/page"}],"author":[{"embeddable":true,"href":"https:\/\/batifemina.fr\/index.php\/wp-json\/wp\/v2\/users\/1"}],"replies":[{"embeddable":true,"href":"https:\/\/batifemina.fr\/index.php\/wp-json\/wp\/v2\/comments?post=59"}],"version-history":[{"count":19,"href":"https:\/\/batifemina.fr\/index.php\/wp-json\/wp\/v2\/pages\/59\/revisions"}],"predecessor-version":[{"id":593,"href":"https:\/\/batifemina.fr\/index.php\/wp-json\/wp\/v2\/pages\/59\/revisions\/593"}],"wp:attachment":[{"href":"https:\/\/batifemina.fr\/index.php\/wp-json\/wp\/v2\/media?parent=59"}],"curies":[{"name":"wp","href":"https:\/\/api.w.org\/{rel}","templated":true}]}}