{"id":21,"date":"2021-05-06T16:54:17","date_gmt":"2021-05-06T14:54:17","guid":{"rendered":"http:\/\/batifemina.fr\/?page_id=21"},"modified":"2022-04-21T16:34:28","modified_gmt":"2022-04-21T14:34:28","slug":"batifemina","status":"publish","type":"page","link":"https:\/\/batifemina.fr\/","title":{"rendered":"BATIFEMINA"},"content":{"rendered":"[vc_row full_width=&#8221;stretch_row&#8221; css=&#8221;.vc_custom_1624483573292{background-color: #323232 !important;}&#8221;][vc_column][vc_column_text font_family=&#8221;Arial, Helvetica, sans-serif&#8221; font_weight=&#8221;100&#8243;]\n<h4 style=\"text-align: right;\"><a href=\"http:\/\/batifemina.fr\/\">Accueil<\/a>\u00a0 \u00a0 <a href=\"http:\/\/batifemina.fr\/index.php\/a-propos\/\">A propos<\/a><\/h4>\n[\/vc_column_text][\/vc_column][\/vc_row][vc_row full_width=&#8221;stretch_row&#8221; css=&#8221;.vc_custom_1621347778262{background-color: #222222 !important;}&#8221;][vc_column][\/vc_column][\/vc_row][vc_row full_width=&#8221;stretch_row&#8221; css=&#8221;.vc_custom_1621347765656{margin-top: -40px !important;background-color: #222222 !important;}&#8221;][vc_column][\/vc_column][\/vc_row][vc_row full_width=&#8221;stretch_row&#8221; css=&#8221;.vc_custom_1621424604695{background-color: #222222 !important;}&#8221;][vc_column][vc_column_text color=&#8221;#ffffff&#8221; font_size=&#8221;50&#8243; css=&#8221;.vc_custom_1624445376480{margin-top: 60px !important;margin-bottom: 90px !important;}&#8221;]\n<h3 style=\"text-align: center;\"><strong>SAISON 1<\/strong><\/h3>\n[\/vc_column_text][\/vc_column][\/vc_row][vc_row full_width=&#8221;stretch_row&#8221; video_bg=&#8221;youtube&#8221; video_bg_url=&#8221;https:\/\/www.youtube.com\/watch?v=TqaZwT-hkT4&amp;list=PLLhGorIlwyxp9HqFpZQh0l8uJfyF3dI-V&amp;index=1&#8243; wpex_post_thumbnail_bg=&#8221;true&#8221; css=&#8221;.vc_custom_1621428520448{margin-top: -20px !important;margin-bottom: 30px !important;background-image: url(http:\/\/batifemina.fr\/wp-content\/uploads\/2021\/05\/flex-2-outils-1.png?id=293) !important;background-position: center !important;background-repeat: no-repeat !important;background-size: cover !important;}&#8221;][vc_column][vc_single_image image=&#8221;232&#8243; img_size=&#8221;100&#215;100&#8243; alignment=&#8221;center&#8221; css=&#8221;.vc_custom_1621427248112{margin-top: 200px !important;margin-bottom: 200px !important;}&#8221; lightbox_video=&#8221;https:\/\/www.youtube.com\/watch?v=TqaZwT-hkT4&amp;list=PLLhGorIlwyxp9HqFpZQh0l8uJfyF3dI-V&amp;index=1&#8243;][\/vc_column][\/vc_row][vc_row full_width=&#8221;stretch_row&#8221; css=&#8221;.vc_custom_1650551665567{margin-top: -40px !important;background-color: #222222 !important;}&#8221;][vc_column][vc_column_text color=&#8221;#ffffff&#8221; font_size=&#8221;d:50|tl:40|tp:35|pl:28|pp:24&#8243; css=&#8221;.vc_custom_1624444734496{margin-top: 60px !important;}&#8221;]\n<h3 style=\"text-align: center;\"><strong>Un secteur dans lequel on (se) r\u00e9alise<\/strong><\/h3>\n[\/vc_column_text][\/vc_column][\/vc_row][vc_row full_width=&#8221;stretch_row_content&#8221; css=&#8221;.vc_custom_1620751875384{background-color: #222222 !important;}&#8221;][vc_column width=&#8221;1\/2&#8243;][vc_single_image image=&#8221;399&#8243; lightbox_video=&#8221;https:\/\/youtu.be\/o5u1lsx4Scc?list=PLLhGorIlwyxp9HqFpZQh0l8uJfyF3dI-V&#8221; img_hover=&#8221;grayscale&#8221;][\/vc_column][vc_column width=&#8221;1\/2&#8243;][vc_column_text color=&#8221;#ffffff&#8221; font_size=&#8221;50&#8243; css=&#8221;.vc_custom_1623928917692{margin-top: -45px !important;}&#8221;]\n<h3 style=\"text-align: left;\"><strong>BIENVEILLANCE\u00a0 \u00a0 \u00a0<\/strong> 1\/6<\/h3>\n[\/vc_column_text][vc_column_text color=&#8221;#ffffff&#8221; line_height=&#8221;1.3&#8243; letter_spacing=&#8221;-0.3&#8243;]<em>&#8220;Je souhaite enfin me r\u00e9v\u00e9ler et \u00eatre estim\u00e9e en tant que telle.<\/em><br \/>\n<em>J\u2019imagine un m\u00e9tier garant de nouvelles rencontres tout au long de la vie.<\/em><br \/>\n<em>J\u2019ai conscience qu\u2019il me faudra ne plus attendre pour le vivre,<\/em><br \/>\n<em>mais me faire plaisir et faire plaisir.&#8221;<\/em><\/p>\n<p>Alisson[\/vc_column_text][vc_empty_space][vc_single_image image=&#8221;326&#8243; img_size=&#8221;30&#215;30&#8243; onclick=&#8221;custom_link&#8221; img_link_target=&#8221;_blank&#8221; link=&#8221;https:\/\/www.youtube.com\/watch?v=o5u1lsx4Scc&amp;list=PLLhGorIlwyxp9HqFpZQh0l8uJfyF3dI-V&amp;index=7&#8243;][vc_single_image image=&#8221;389&#8243; img_size=&#8221;30&#215;30&#8243; onclick=&#8221;custom_link&#8221; img_link_target=&#8221;_blank&#8221; link=&#8221;https:\/\/www.youtube.com\/watch?v=o5u1lsx4Scc&amp;list=PLLhGorIlwyxp9HqFpZQh0l8uJfyF3dI-V&amp;index=7&#8243;][vc_empty_space][vc_single_image image=&#8221;394&#8243; lightbox_video=&#8221;https:\/\/www.youtube.com\/watch?v=qdTz_3sdR8E&amp;list=PLLhGorIlwyxp9HqFpZQh0l8uJfyF3dI-V&amp;index=3&#8243; visibility=&#8221;visible-phone&#8221; img_hover=&#8221;grayscale&#8221;][\/vc_column][\/vc_row][vc_row full_width=&#8221;stretch_row_content&#8221; css=&#8221;.vc_custom_1620751891915{background-color: #222222 !important;}&#8221;][vc_column width=&#8221;1\/2&#8243;][vc_column_text color=&#8221;#ffffff&#8221; font_size=&#8221;50&#8243; css=&#8221;.vc_custom_1620725131024{margin-top: -45px !important;}&#8221;]\n<h3 style=\"text-align: right;\">2\/6\u00a0 \u00a0 \u00a0 \u00a0<strong> SATISFACTION<br \/>\n<\/strong><\/h3>\n[\/vc_column_text][vc_column_text color=&#8221;#ffffff&#8221; line_height=&#8221;1.3&#8243; letter_spacing=&#8221;-0.3px&#8221;]\n<p style=\"text-align: right;\"><em>&#8220;Je souhaite \u00eatre libre, libre de suivre mon instinct.<\/em><br \/>\n<em>J\u2019imagine un m\u00e9tier o\u00f9 les id\u00e9es deviennent r\u00e9alit\u00e9, o\u00f9 l\u2019impossible <\/em><em>devient possible.<\/em><br \/>\n<em>J\u2019ai conscience qu\u2019il me faudra continuer \u00e0 croire en moi, croire en <\/em><em>mes r\u00eaves.<\/em><br \/>\n<em>J\u2019ai choisi le B\u00e2timent, le B\u00e2timent m\u2019a choisie.&#8221;<\/em><\/p>\n<p style=\"text-align: right;\">Sarah<\/p>\n[\/vc_column_text][vc_empty_space][vc_single_image image=&#8221;326&#8243; img_size=&#8221;30&#215;30&#8243; alignment=&#8221;right&#8221; onclick=&#8221;custom_link&#8221; img_link_target=&#8221;_blank&#8221; link=&#8221;https:\/\/www.youtube.com\/watch?v=qdTz_3sdR8E&amp;list=PLLhGorIlwyxp9HqFpZQh0l8uJfyF3dI-V&amp;index=3&#8243;][vc_single_image image=&#8221;389&#8243; img_size=&#8221;30&#215;30&#8243; alignment=&#8221;right&#8221; onclick=&#8221;custom_link&#8221; img_link_target=&#8221;_blank&#8221; link=&#8221;https:\/\/www.youtube.com\/watch?v=qdTz_3sdR8E&amp;list=PLLhGorIlwyxp9HqFpZQh0l8uJfyF3dI-V&amp;index=3&#8243;][\/vc_column][vc_column width=&#8221;1\/2&#8243;][vc_single_image image=&#8221;394&#8243; lightbox_video=&#8221;https:\/\/www.youtube.com\/watch?v=qdTz_3sdR8E&amp;list=PLLhGorIlwyxp9HqFpZQh0l8uJfyF3dI-V&amp;index=3&#8243; visibility=&#8221;hidden-phone&#8221; img_hover=&#8221;grayscale&#8221;][\/vc_column][\/vc_row][vc_row full_width=&#8221;stretch_row_content&#8221; css=&#8221;.vc_custom_1620751970849{background-color: #222222 !important;}&#8221;][vc_column width=&#8221;1\/2&#8243; css=&#8221;.vc_custom_1621346450125{background-position: 0 0 !important;background-repeat: no-repeat !important;}&#8221;][vc_single_image image=&#8221;395&#8243; lightbox_video=&#8221;https:\/\/www.youtube.com\/watch?v=oK1CSh9y6oU&amp;list=PLLhGorIlwyxp9HqFpZQh0l8uJfyF3dI-V&amp;index=4&#8243; img_hover=&#8221;grayscale&#8221;][\/vc_column][vc_column width=&#8221;1\/2&#8243;][vc_column_text color=&#8221;#ffffff&#8221; font_size=&#8221;50&#8243; css=&#8221;.vc_custom_1620729895945{margin-top: -45px !important;}&#8221;]\n<h3 style=\"text-align: left;\"><strong>CR\u00c9ATIVIT\u00c9\u00a0 \u00a0 \u00a0 \u00a0 \u00a0 \u00a0 <\/strong>\u00a03\/6<\/h3>\n[\/vc_column_text][vc_column_text color=&#8221;#ffffff&#8221; line_height=&#8221;1.3&#8243; letter_spacing=&#8221;-0.3&#8243;]<em>&#8220;Je souhaite trouver le juste \u00e9quilibre,<\/em><br \/>\n<em>J\u2019imagine un m\u00e9tier qui donnerait la libert\u00e9 \u00e0 chacun de cr\u00e9er, de concevoir, de percevoir son futur du bout des doigts.<\/em><br \/>\n<em>J&#8217;ai conscience que je dois accepter mes diff\u00e9rences pour me concentrer sur le bonheur.&#8221;<\/em><\/p>\n<p>Adeline[\/vc_column_text][vc_empty_space][vc_single_image image=&#8221;326&#8243; img_size=&#8221;30&#215;30&#8243; onclick=&#8221;custom_link&#8221; img_link_target=&#8221;_blank&#8221; link=&#8221;https:\/\/www.youtube.com\/watch?v=oK1CSh9y6oU&amp;list=PLLhGorIlwyxp9HqFpZQh0l8uJfyF3dI-V&amp;index=4&#8243;][vc_single_image image=&#8221;389&#8243; img_size=&#8221;30&#215;30&#8243; onclick=&#8221;custom_link&#8221; img_link_target=&#8221;_blank&#8221; link=&#8221;https:\/\/www.youtube.com\/watch?v=oK1CSh9y6oU&amp;list=PLLhGorIlwyxp9HqFpZQh0l8uJfyF3dI-V&amp;index=4&#8243;][vc_empty_space][vc_single_image image=&#8221;396&#8243; visibility=&#8221;visible-phone&#8221; lightbox_video=&#8221;https:\/\/www.youtube.com\/watch?v=vz-snTjPw08&amp;list=PLLhGorIlwyxp9HqFpZQh0l8uJfyF3dI-V&amp;index=5&#8243; img_hover=&#8221;grayscale&#8221;][\/vc_column][\/vc_row][vc_row full_width=&#8221;stretch_row_content&#8221; css=&#8221;.vc_custom_1620752042176{background-color: #222222 !important;}&#8221;][vc_column width=&#8221;1\/2&#8243;][vc_column_text color=&#8221;#ffffff&#8221; font_size=&#8221;50&#8243; css=&#8221;.vc_custom_1620729906435{margin-top: -45px !important;}&#8221;]\n<h3 style=\"text-align: right;\">4\/6\u00a0 \u00a0 \u00a0 \u00a0 \u00a0 \u00a0\u00a0<strong> PLENITUDE<br \/>\n<\/strong><\/h3>\n[\/vc_column_text][vc_column_text color=&#8221;#ffffff&#8221; line_height=&#8221;1.3&#8243; letter_spacing=&#8221;-0.3&#8243;]\n<p style=\"text-align: right;\"><em>&#8220;Je souhaite cultiver savoir \u00eatre et savoir-faire.<\/em><br \/>\n<em>J\u2019imagine un m\u00e9tier misant sur les potentiels de chacun,<\/em><br \/>\n<em>respectant toutes les g\u00e9n\u00e9rations.<\/em><br \/>\n<em>Je prendrai le temps de l\u2019imaginer, de le dessiner, de le cr\u00e9er.&#8221;<\/em><\/p>\n<p style=\"text-align: right;\">Elise<\/p>\n[\/vc_column_text][vc_empty_space][vc_single_image image=&#8221;326&#8243; img_size=&#8221;30&#215;30&#8243; alignment=&#8221;right&#8221; onclick=&#8221;custom_link&#8221; img_link_target=&#8221;_blank&#8221; link=&#8221;https:\/\/www.youtube.com\/watch?v=vz-snTjPw08&amp;list=PLLhGorIlwyxp9HqFpZQh0l8uJfyF3dI-V&amp;index=5&#8243;][vc_single_image image=&#8221;389&#8243; img_size=&#8221;30&#215;30&#8243; alignment=&#8221;right&#8221; onclick=&#8221;custom_link&#8221; img_link_target=&#8221;_blank&#8221; link=&#8221;https:\/\/www.youtube.com\/watch?v=vz-snTjPw08&amp;list=PLLhGorIlwyxp9HqFpZQh0l8uJfyF3dI-V&amp;index=5&#8243;][\/vc_column][vc_column width=&#8221;1\/2&#8243; css=&#8221;.vc_custom_1621346696824{background-position: 0 0 !important;background-repeat: no-repeat !important;}&#8221;][vc_single_image image=&#8221;396&#8243; lightbox_video=&#8221;https:\/\/www.youtube.com\/watch?v=vz-snTjPw08&amp;list=PLLhGorIlwyxp9HqFpZQh0l8uJfyF3dI-V&amp;index=5&#8243; visibility=&#8221;hidden-phone&#8221; img_hover=&#8221;grayscale&#8221;][\/vc_column][\/vc_row][vc_row full_width=&#8221;stretch_row_content&#8221; css=&#8221;.vc_custom_1620752054468{background-color: #222222 !important;}&#8221;][vc_column width=&#8221;1\/2&#8243;][vc_single_image image=&#8221;401&#8243; lightbox_video=&#8221;https:\/\/youtu.be\/v2ztv3MGIoQ?list=PLLhGorIlwyxp9HqFpZQh0l8uJfyF3dI-V&#8221; img_hover=&#8221;grayscale&#8221;][\/vc_column][vc_column width=&#8221;1\/2&#8243;][vc_column_text color=&#8221;#ffffff&#8221; font_size=&#8221;50&#8243; css=&#8221;.vc_custom_1623928897000{margin-top: -45px !important;}&#8221;]\n<h3 style=\"text-align: left;\"><strong>SOLIDARIT\u00c9\u00a0 \u00a0 \u00a0 \u00a0 \u00a0 \u00a0 \u00a0<\/strong>5\/6<\/h3>\n[\/vc_column_text][vc_empty_space][vc_column_text color=&#8221;#ffffff&#8221; line_height=&#8221;1.3&#8243; letter_spacing=&#8221;-0.3&#8243;]<em>&#8220;Je souhaite me donner les moyens de r\u00e9ussir.<\/em><br \/>\n<em>J\u2019imagine un m\u00e9tier indispensable au bienfait de notre soci\u00e9t\u00e9.<\/em><br \/>\n<em>J\u2019ai conscience qu\u2019il me faudra d\u00e9passer les pr\u00e9jug\u00e9s, sans <\/em><em>attendre pour prendre mes responsabilit\u00e9s.&#8221;<\/em><\/p>\n<p>Julia[\/vc_column_text][vc_single_image image=&#8221;326&#8243; img_size=&#8221;30&#215;30&#8243; onclick=&#8221;custom_link&#8221; img_link_target=&#8221;_blank&#8221; link=&#8221;https:\/\/www.youtube.com\/watch?v=v2ztv3MGIoQ&amp;list=PLLhGorIlwyxp9HqFpZQh0l8uJfyF3dI-V&#8221;][vc_single_image image=&#8221;389&#8243; img_size=&#8221;30&#215;30&#8243; onclick=&#8221;custom_link&#8221; img_link_target=&#8221;_blank&#8221; link=&#8221;https:\/\/www.youtube.com\/watch?v=v2ztv3MGIoQ&amp;list=PLLhGorIlwyxp9HqFpZQh0l8uJfyF3dI-V&#8221;][vc_empty_space][vc_single_image image=&#8221;397&#8243; lightbox_video=&#8221;https:\/\/www.youtube.com\/watch?v=grZqeW8xvww&amp;list=PLLhGorIlwyxp9HqFpZQh0l8uJfyF3dI-V&amp;index=7&#8243; visibility=&#8221;visible-phone&#8221; img_hover=&#8221;grayscale&#8221;][\/vc_column][\/vc_row][vc_row full_width=&#8221;stretch_row_content&#8221; css=&#8221;.vc_custom_1620752069156{background-color: #222222 !important;}&#8221;][vc_column width=&#8221;1\/2&#8243;][vc_column_text color=&#8221;#ffffff&#8221; font_size=&#8221;50&#8243; css=&#8221;.vc_custom_1620729931050{margin-top: -45px !important;}&#8221;]\n<h3 style=\"text-align: right;\">6\/6\u00a0 \u00a0 \u00a0 <strong> PERS\u00c9V\u00c9RANCE<br \/>\n<\/strong><\/h3>\n[\/vc_column_text][vc_column_text color=&#8221;#ffffff&#8221; line_height=&#8221;1.3&#8243; letter_spacing=&#8221;-0.3&#8243;]\n<p style=\"text-align: right;\"><em>\u00a0&#8220;Je souhaite m\u00e9ritant le respect consid\u00e9rant le travail de l\u2019autre.<\/em><br \/>\n<em>J\u2019imagine un m\u00e9tier qui ferra du beau, de l\u2019art, de l\u2019art de vivre.<\/em><br \/>\n<em>J\u2019ai conscience qu\u2019il me faudra exister pour qui je suis, et non<\/em><br \/>\n<em>pour ce que l\u2019on veut faire de moi.&#8221;<\/em><\/p>\n<p style=\"text-align: right;\">Anna<\/p>\n[\/vc_column_text][vc_empty_space][vc_single_image image=&#8221;326&#8243; img_size=&#8221;30&#215;30&#8243; alignment=&#8221;right&#8221; onclick=&#8221;custom_link&#8221; img_link_target=&#8221;_blank&#8221; link=&#8221;https:\/\/www.youtube.com\/watch?v=grZqeW8xvww&amp;list=PLLhGorIlwyxp9HqFpZQh0l8uJfyF3dI-V&amp;index=7&#8243;][vc_single_image image=&#8221;389&#8243; img_size=&#8221;30&#215;30&#8243; alignment=&#8221;right&#8221; onclick=&#8221;custom_link&#8221; img_link_target=&#8221;_blank&#8221; link=&#8221;https:\/\/www.youtube.com\/watch?v=grZqeW8xvww&amp;list=PLLhGorIlwyxp9HqFpZQh0l8uJfyF3dI-V&amp;index=7&#8243;][\/vc_column][vc_column width=&#8221;1\/2&#8243; css=&#8221;.vc_custom_1621346950944{background-position: 0 0 !important;background-repeat: no-repeat !important;}&#8221;][vc_single_image image=&#8221;397&#8243; lightbox_video=&#8221;https:\/\/www.youtube.com\/watch?v=grZqeW8xvww&amp;list=PLLhGorIlwyxp9HqFpZQh0l8uJfyF3dI-V&amp;index=7&#8243; visibility=&#8221;hidden-phone&#8221; img_hover=&#8221;grayscale&#8221;][\/vc_column][\/vc_row][vc_row full_width=&#8221;stretch_row&#8221; css=&#8221;.vc_custom_1620340206674{background-color: #222222 !important;}&#8221;][vc_column][vc_column_text css=&#8221;.vc_custom_1620346341770{margin-top: 80px !important;margin-bottom: 80px !important;}&#8221;][\/vc_column_text][\/vc_column][\/vc_row][vc_row full_width=&#8221;stretch_row&#8221; css=&#8221;.vc_custom_1620340206674{background-color: #222222 !important;}&#8221;][vc_column]<h5 class=\"vcex-animated-text vcex-module wpex-m-0 wpex-text-xl wpex-text-gray-900 wpex-font-semibold wpex-leading-none vcex-typed-text-wrap\" style=\"color:#ffffff;font-weight:300;text-align:center;\" data-wpex-rcss='{&quot;font-size&quot;:{&quot;d&quot;:&quot;44px&quot;,&quot;tl&quot;:&quot;40px&quot;,&quot;tp&quot;:&quot;20px&quot;,&quot;pl&quot;:&quot;18px&quot;,&quot;pp&quot;:&quot;16px&quot;}}'><span class=\"screen-reader-text\"><span>J&#039;ai choisi LE B\u00c2TIMENT<\/span><span>LE B\u00c2TIMENT m&#039;a choisi<\/span><\/span><span class=\"vcex-ph wpex-inline-block wpex-invisible\"><\/span><span class=\"vcex-typed-text\" data-settings=\"{&quot;typeSpeed&quot;:75,&quot;loop&quot;:true,&quot;showCursor&quot;:false,&quot;backDelay&quot;:900,&quot;backSpeed&quot;:&quot;0&quot;,&quot;startDelay&quot;:&quot;0&quot;}\" data-strings=\"[&quot;J&amp;#039;ai choisi LE B\\u00c2TIMENT&quot;,&quot;LE B\\u00c2TIMENT m&amp;#039;a choisi&quot;]\"><\/span><\/h5>[\/vc_column][\/vc_row][vc_row full_width=&#8221;stretch_row&#8221; css=&#8221;.vc_custom_1620340206674{background-color: #222222 !important;}&#8221;][vc_column][vc_column_text css=&#8221;.vc_custom_1620346341770{margin-top: 80px !important;margin-bottom: 80px !important;}&#8221;][\/vc_column_text][\/vc_column][\/vc_row][vc_row full_width=&#8221;stretch_row_content&#8221; css=&#8221;.vc_custom_1621356109849{background-color: #222222 !important;}&#8221;][vc_column][vc_column_text css=&#8221;.vc_custom_1621425796318{margin-top: 80px !important;margin-bottom: 80px !important;}&#8221; color=&#8221;#ffffff&#8221;]\n<h3 style=\"text-align: center;\"><strong>NOS PARTENAIRES<\/strong><\/h3>\n[\/vc_column_text]<div class=\"vcex-module wpex-carousel wpex-carousel-images wpex-clr owl-carousel arrwstyle-default\" data-wpex-carousel=\"{&quot;nav&quot;:true,&quot;dots&quot;:false,&quot;autoplay&quot;:true,&quot;loop&quot;:true,&quot;center&quot;:false,&quot;smartSpeed&quot;:250,&quot;items&quot;:4,&quot;slideBy&quot;:1,&quot;autoplayTimeout&quot;:1800,&quot;margin&quot;:15,&quot;itemsTablet&quot;:3,&quot;itemsMobileLandscape&quot;:2,&quot;itemsMobilePortrait&quot;:1,&quot;autoWidth&quot;:false,&quot;autoHeight&quot;:false}\"><div class=\"wpex-carousel-slide\"><figure class=\"wpex-carousel-entry-media entry-media\"><a href=\"https:\/\/www.gironde.gouv.fr\/Services-de-l-Etat\/Prefecture-sous-prefectures-et-DDI\/Presentation-de-la-prefete-et-du-corps-prefectoral\" class=\"wpex-carousel-entry-img\" target=\"_blank\"><img data-no-lazy=\"1\" class=\"wpex-align-middle skip-lazy\" src=\"https:\/\/batifemina.fr\/wp-content\/uploads\/2021\/05\/Prefete-3.png\" alt=\"\" width=\"500\" height=\"301\" \/><\/a><\/figure><\/div><div class=\"wpex-carousel-slide\"><figure class=\"wpex-carousel-entry-media entry-media\"><a href=\"http:\/\/www.nelleaquitaine.ffbatiment.fr\/federation-batiment-nouvelle-aquitaine\/nous-connaitre\/organisation\/organisation.html\" class=\"wpex-carousel-entry-img\" target=\"_blank\"><img data-no-lazy=\"1\" class=\"wpex-align-middle skip-lazy\" src=\"https:\/\/batifemina.fr\/wp-content\/uploads\/2021\/05\/FFB-NA-2.png\" alt=\"\" width=\"500\" height=\"301\" \/><\/a><\/figure><\/div><div class=\"wpex-carousel-slide\"><figure class=\"wpex-carousel-entry-media entry-media\"><a href=\"https:\/\/www.groupe-sma.fr\/\" class=\"wpex-carousel-entry-img\" target=\"_blank\"><img data-no-lazy=\"1\" class=\"wpex-align-middle skip-lazy\" src=\"https:\/\/batifemina.fr\/wp-content\/uploads\/2021\/05\/SMA-BTP-2.png\" alt=\"\" width=\"497\" height=\"300\" \/><\/a><\/figure><\/div><div class=\"wpex-carousel-slide\"><figure class=\"wpex-carousel-entry-media entry-media\"><a href=\"https:\/\/www.btpcfa-aquitaine.fr\/\" class=\"wpex-carousel-entry-img\" target=\"_blank\"><img data-no-lazy=\"1\" class=\"wpex-align-middle skip-lazy\" src=\"https:\/\/batifemina.fr\/wp-content\/uploads\/2021\/05\/btp-cfa-na-1.png\" alt=\"\" width=\"499\" height=\"300\" \/><\/a><\/figure><\/div><div class=\"wpex-carousel-slide\"><figure class=\"wpex-carousel-entry-media entry-media\"><a href=\"https:\/\/www.probtp.com\/particuliers-accueil.html\" class=\"wpex-carousel-entry-img\" target=\"_blank\"><img data-no-lazy=\"1\" class=\"wpex-align-middle skip-lazy\" src=\"https:\/\/batifemina.fr\/wp-content\/uploads\/2021\/05\/pro-btp-1.png\" alt=\"\" width=\"500\" height=\"300\" \/><\/a><\/figure><\/div><div class=\"wpex-carousel-slide\"><figure class=\"wpex-carousel-entry-media entry-media\"><a href=\"https:\/\/www.btp-banque.fr\/entreprises\" class=\"wpex-carousel-entry-img\" target=\"_blank\"><img data-no-lazy=\"1\" class=\"wpex-align-middle skip-lazy\" src=\"https:\/\/batifemina.fr\/wp-content\/uploads\/2021\/05\/BTP-banque-2.png\" alt=\"\" width=\"500\" height=\"301\" \/><\/a><\/figure><\/div><\/div>[\/vc_column][\/vc_row]\n","protected":false},"excerpt":{"rendered":"<p>[vc_row full_width=&#8221;stretch_row&#8221; css=&#8221;.vc_custom_1624483573292{background-color: #323232 !important;}&#8221;][vc_column][vc_column_text font_family=&#8221;Arial, Helvetica, sans-serif&#8221; font_weight=&#8221;100&#8243;] Accueil\u00a0 \u00a0 A propos [\/vc_column_text][\/vc_column][\/vc_row][vc_row full_width=&#8221;stretch_row&#8221; css=&#8221;.vc_custom_1621347778262{background-color: #222222 !important;}&#8221;][vc_column][\/vc_column][\/vc_row][vc_row full_width=&#8221;stretch_row&#8221; css=&#8221;.vc_custom_1621347765656{margin-top: -40px !important;background-color: #222222 !important;}&#8221;][vc_column][\/vc_column][\/vc_row][vc_row full_width=&#8221;stretch_row&#8221; css=&#8221;.vc_custom_1621424604695{background-color: #222222 !important;}&#8221;][vc_column][vc_column_text color=&#8221;#ffffff&#8221; font_size=&#8221;50&#8243; css=&#8221;.vc_custom_1624445376480{margin-top: 60px !important;margin-bottom: 90px !important;}&#8221;] SAISON 1 [\/vc_column_text][\/vc_column][\/vc_row][vc_row full_width=&#8221;stretch_row&#8221; video_bg=&#8221;youtube&#8221;&hellip;<\/p>\n","protected":false},"author":1,"featured_media":0,"parent":0,"menu_order":0,"comment_status":"closed","ping_status":"closed","template":"templates\/no-sidebar.php","meta":[],"_links":{"self":[{"href":"https:\/\/batifemina.fr\/index.php\/wp-json\/wp\/v2\/pages\/21"}],"collection":[{"href":"https:\/\/batifemina.fr\/index.php\/wp-json\/wp\/v2\/pages"}],"about":[{"href":"https:\/\/batifemina.fr\/index.php\/wp-json\/wp\/v2\/types\/page"}],"author":[{"embeddable":true,"href":"https:\/\/batifemina.fr\/index.php\/wp-json\/wp\/v2\/users\/1"}],"replies":[{"embeddable":true,"href":"https:\/\/batifemina.fr\/index.php\/wp-json\/wp\/v2\/comments?post=21"}],"version-history":[{"count":179,"href":"https:\/\/batifemina.fr\/index.php\/wp-json\/wp\/v2\/pages\/21\/revisions"}],"predecessor-version":[{"id":597,"href":"https:\/\/batifemina.fr\/index.php\/wp-json\/wp\/v2\/pages\/21\/revisions\/597"}],"wp:attachment":[{"href":"https:\/\/batifemina.fr\/index.php\/wp-json\/wp\/v2\/media?parent=21"}],"curies":[{"name":"wp","href":"https:\/\/api.w.org\/{rel}","templated":true}]}}